{"id":4773,"date":"2023-07-24T00:52:33","date_gmt":"2023-07-24T00:52:33","guid":{"rendered":"https:\/\/leigabox.is\/?page_id=4773"},"modified":"2024-10-31T08:34:54","modified_gmt":"2024-10-31T08:34:54","slug":"tc","status":"publish","type":"page","link":"https:\/\/leigabox.is\/index.php\/tc\/","title":{"rendered":"Skilm\u00e1lar og skilyr\u00f0i"},"content":{"rendered":"\t\t<div data-elementor-type=\"wp-page\" data-elementor-id=\"4773\" class=\"elementor elementor-4773\">\n\t\t\t\t\t\t\t\t\t<section class=\"elementor-section elementor-top-section elementor-element elementor-element-e2198e9 elementor-section-boxed elementor-section-height-default elementor-section-height-default\" data-id=\"e2198e9\" data-element_type=\"section\">\n\t\t\t\t\t\t<div class=\"elementor-container elementor-column-gap-default\">\n\t\t\t\t\t<div class=\"elementor-column elementor-col-100 elementor-top-column elementor-element elementor-element-de3217a\" data-id=\"de3217a\" data-element_type=\"column\">\n\t\t\t<div class=\"elementor-widget-wrap elementor-element-populated\">\n\t\t\t\t\t\t\t\t<div class=\"elementor-element elementor-element-5f1b90a elementor-widget elementor-widget-heading\" data-id=\"5f1b90a\" data-element_type=\"widget\" data-widget_type=\"heading.default\">\n\t\t\t\t<div class=\"elementor-widget-container\">\n\t\t\t<style>\/*! elementor - v3.14.0 - 26-06-2023 *\/\n.elementor-heading-title{padding:0;margin:0;line-height:1}.elementor-widget-heading .elementor-heading-title[class*=elementor-size-]>a{color:inherit;font-size:inherit;line-height:inherit}.elementor-widget-heading .elementor-heading-title.elementor-size-small{font-size:15px}.elementor-widget-heading .elementor-heading-title.elementor-size-medium{font-size:19px}.elementor-widget-heading .elementor-heading-title.elementor-size-large{font-size:29px}.elementor-widget-heading .elementor-heading-title.elementor-size-xl{font-size:39px}.elementor-widget-heading .elementor-heading-title.elementor-size-xxl{font-size:59px}<\/style><h2 class=\"elementor-heading-title elementor-size-default\">Skilm\u00e1lar og skilyr\u00f0i<\/h2>\t\t<\/div>\n\t\t\t\t<\/div>\n\t\t\t\t<div class=\"elementor-element elementor-element-9b9dd95 elementor-widget elementor-widget-text-editor\" data-id=\"9b9dd95\" data-element_type=\"widget\" data-widget_type=\"text-editor.default\">\n\t\t\t\t<div class=\"elementor-widget-container\">\n\t\t\t<style>\/*! elementor - v3.14.0 - 26-06-2023 *\/\n.elementor-widget-text-editor.elementor-drop-cap-view-stacked .elementor-drop-cap{background-color:#69727d;color:#fff}.elementor-widget-text-editor.elementor-drop-cap-view-framed .elementor-drop-cap{color:#69727d;border:3px solid;background-color:transparent}.elementor-widget-text-editor:not(.elementor-drop-cap-view-default) .elementor-drop-cap{margin-top:8px}.elementor-widget-text-editor:not(.elementor-drop-cap-view-default) .elementor-drop-cap-letter{width:1em;height:1em}.elementor-widget-text-editor .elementor-drop-cap{float:left;text-align:center;line-height:1;font-size:50px}.elementor-widget-text-editor .elementor-drop-cap-letter{display:inline-block}<\/style>\t\t\t\t<ol><li><p><strong>\u00darval \u00ferauta:<\/strong> \u00derautasafni\u00f0 okkar er flokka\u00f0 eftir erfi\u00f0leikastigum fr\u00e1 1 (au\u00f0veldast) til 5 (erfi\u00f0ast). \u00der\u00e1tt fyrir a\u00f0 engin aldurstakm\u00f6rk s\u00e9u \u00e1 leigu \u00ferauta m\u00e6lum vi\u00f0 me\u00f0 \u00ferautunum okkar a\u00f0allega fyrir fullor\u00f0na e\u00f0a eldri b\u00f6rn vegna fl\u00f3kinnar ger\u00f0ar \u00feeirra.<\/p><p><strong>V\u00f6ru\u00e1stand:<\/strong> Vi\u00f0 leggjum mikla \u00e1herslu \u00e1 a\u00f0 vi\u00f0halda \u00ferautum okkar \u00ed fullkomnu \u00e1standi. \u00derautirnar okkar eru hanna\u00f0ar af s\u00e9rfr\u00e6\u00f0ingum, og sumir hlutar \u00feeirra kunna a\u00f0 vera \u00f3b\u00e6tanlegir e\u00f0a \u00f3vi\u00f0geranlegir. Ef \u00feraut ver\u00f0ur \u00f3vi\u00f0geranlega skemmd ber vi\u00f0skiptavinum a\u00f0 grei\u00f0a fullt ver\u00f0 fyrir \u00ferautina. Fyrir \u00ferautir sem ver\u00f0a hluta skemmdar, ver\u00f0a vi\u00f0ger\u00f0arkostna\u00f0ur rukka\u00f0ur.<\/p><p><strong>Leigut\u00edmi:<\/strong> Hef\u00f0bundi\u00f0 leigut\u00edmabil fyrir \u00ferautir er 4 dagar fr\u00e1 afhendingardegi. Vi\u00f0 rukkum ekki aukalega fyrir afhendingu og s\u00f3tt\u00fej\u00f3nustu.<\/p><p><strong>Pantanir:<\/strong> Vi\u00f0skiptavinir geta panta\u00f0 \u00ferautir allt a\u00f0 viku fram \u00ed t\u00edmann. Pantanir fyrir lengri t\u00edma en viku fram \u00ed t\u00edmann ver\u00f0a teknar fr\u00e1, en ekki trygg\u00f0ar. T\u00f6lvup\u00f3sttilkynning ver\u00f0ur send til vi\u00f0skiptavina \u00feegar fyrirhuga\u00f0ur leigut\u00edmi n\u00e1lgast innan einnar viku fr\u00e1 \u00f3ska\u00f0ri leigudegi.<\/p><p><strong>Afhending og s\u00f3tt\u00fej\u00f3nusta:<\/strong> Fyrirt\u00e6ki\u00f0 okkar hefur ekki sta\u00f0la\u00f0 heimilisfang. Vi\u00f0 bj\u00f3\u00f0um upp \u00e1 afhendingu og s\u00f3tt\u00fej\u00f3nustu fyrir allar \u00ferautir \u00e1 \u00fea\u00f0 sta\u00f0setningu sem vi\u00f0skiptavinur tilgreinir.<\/p><p><strong>P\u00f6ntunarbreytingar:<\/strong> Vi\u00f0skiptavinum er heimilt a\u00f0 afpanta e\u00f0a endurra\u00f0a p\u00f6ntunum s\u00ednum. Til a\u00f0 endurra\u00f0a p\u00f6ntun skal senda skilabo\u00f0 \u00e1 netfangi\u00f0 okkar me\u00f0 p\u00f6ntunarn\u00fameri. Ef p\u00f6ntun er afp\u00f6ntu\u00f0 ver\u00f0ur greitt f\u00e9 endurgreitt til vi\u00f0skiptavinarins innan 30 daga.<\/p><p><strong>\u00derautafj\u00f6lbreytni:<\/strong> Leigus\u00ed\u00f0an okkar b\u00fd\u00f0ur upp \u00e1 fj\u00f6lda \u00ferautaflokka, \u00fear \u00e1 me\u00f0al m\u00e1lm\u00ferautir, vi\u00f0ar\u00ferautir, v\u00f6lundarh\u00fas og fleira. Vi\u00f0 erum skuldbundin til a\u00f0 auka \u00farvali\u00f0 me\u00f0 n\u00fdjum, vel sko\u00f0u\u00f0um \u00ferautum til a\u00f0 bj\u00f3\u00f0a upp \u00e1 st\u00f6\u00f0ugt \u00fer\u00f3a\u00f0 safn \u00e1skorana.<\/p><p><strong>A\u00f0ild og \u00e1skrift:<\/strong> Vi\u00f0 bj\u00f3\u00f0um upp \u00e1 \u00fdmis a\u00f0ildar- og \u00e1skriftarkerfi fyrir reglulegar leigur \u00e1 \u00ferautum. \u00deessir m\u00f6guleikar eru hanna\u00f0ir til a\u00f0 veita vi\u00f0skiptavinum okkar meiri \u00fe\u00e6gindi og \u00e1vinning.<\/p><p><strong>Hreinsun og s\u00f3tthreinsun:<\/strong> Vi\u00f0 hreinsum vandlega allar nota\u00f0ar \u00ferautir og sko\u00f0um g\u00e6\u00f0i \u00feeirra \u00e1\u00f0ur en \u00fe\u00e6r eru \u00ed bo\u00f0i fyrir n\u00e6sta vi\u00f0skiptavin til a\u00f0 tryggja hreina og \u00e1n\u00e6gjulega upplifun vi\u00f0 \u00ferautalausnir.<\/p><p><strong>Sveigjanleiki \u00ed p\u00f6ntunum:<\/strong> Vi\u00f0 skiljum a\u00f0 \u00e1\u00e6tlanir geta breyst. Vi\u00f0skiptavinir hafa sveigjanleika til a\u00f0 afpanta e\u00f0a endurra\u00f0a p\u00f6ntunum s\u00ednum, svo lengi sem \u00feeir fylgja lei\u00f0beiningum \u00ed afp\u00f6ntunar- og endurr\u00f6\u00f0unarstefnu okkar.<\/p><p>Me\u00f0 \u00fev\u00ed a\u00f0 leggja inn p\u00f6ntun hj\u00e1 \u00ferautaleigu\u00fej\u00f3nustu okkar sam\u00feykkir \u00fe\u00fa a\u00f0 fylgja \u00feessum skilm\u00e1lum og skilyr\u00f0um. Vi\u00f0 \u00e1skiljum okkur r\u00e9tt til a\u00f0 breyta \u00feessum skilm\u00e1lum hven\u00e6r sem er, og allar breytingar ver\u00f0a kynntar vi\u00f0skiptavinum t\u00edmanlega.<\/p><p>\u00deakka \u00fe\u00e9r fyrir a\u00f0 velja Leigabox fyrir \u00ferautaleigu\u00fearfir \u00fe\u00ednar.<\/p><\/li><li><p><strong>Product Quality<\/strong>: We take great care to maintain our puzzles in pristine condition. Our puzzles are crafted by experts, and some components may be irreplaceable or non-repairable. If a puzzle is irreparably damaged, the customer is responsible for the full cost of the puzzle. For puzzles with partial damage, repair costs will apply.<\/p><\/li><li><p><strong>Rental Duration<\/strong>: The standard rental period for puzzles is 4 days from the delivery date. We do not charge extra for delivery and pickup services.<\/p><\/li><li><p><strong>Reservation<\/strong>: Customers can place puzzle orders up to one week in advance. Puzzle orders requested for dates beyond one week ahead will be reserved but not guaranteed. An email notification will be sent to customers when their reservation date is within one week of the requested rental date.<\/p><\/li><li><p><strong>Delivery and Pickup<\/strong>: Currently, our company operates without a physical address. We provide delivery and collection services for all puzzle rentals to the customer&#8217;s specified location.<\/p><\/li><li><p><strong>Order Changes<\/strong>: Customers are allowed to cancel or reschedule their puzzle orders. To reschedule an order, please send a message to our email address with your order number. In the event of an order cancellation, funds will be refunded to the customer within a 30-day period.<\/p><\/li><li><p><strong>Puzzle Variety<\/strong>: Our Rental Shop features several categories, including metal puzzles, wooden puzzles, mazes, and more. We are committed to expanding our puzzle selection by introducing new, well-inspected puzzles to offer a constantly evolving range of challenges.<\/p><\/li><li><p><strong>Membership and Subscription<\/strong>: We offer various membership plans and subscription services for regular puzzle rentals. These options are designed to provide greater convenience and benefits to our loyal customers.<\/p><\/li><li><p><strong>Cleaning and Sanitization<\/strong>: We carefully sanitize all used puzzles and inspect their quality before making them available to the next customer, ensuring a clean and enjoyable puzzle-solving experience.<\/p><\/li><li><p><strong>Order Flexibility<\/strong>: We understand that plans may change. Customers have the flexibility to cancel or reschedule their puzzle orders, provided they follow the guidelines outlined in our cancellation and rescheduling policy.<\/p><\/li><\/ol><p>By placing an order with our puzzle rental service, you agree to abide by these terms and conditions. We reserve the right to modify these terms at any time, and any changes will be communicated to customers in a timely manner.<\/p><p>Thank you for choosing Leigabox for your puzzle rental needs.<\/p>\t\t\t\t\t\t<\/div>\n\t\t\t\t<\/div>\n\t\t\t\t\t<\/div>\n\t\t<\/div>\n\t\t\t\t\t\t\t<\/div>\n\t\t<\/section>\n\t\t\t\t\t\t\t<\/div>\n\t\t","protected":false},"excerpt":{"rendered":"<p>Skilm\u00e1lar og skilyr\u00f0i \u00darval \u00ferauta: \u00derautasafni\u00f0 okkar er flokka\u00f0 eftir erfi\u00f0leikastigum fr\u00e1 1 (au\u00f0veldast) til 5 (erfi\u00f0ast). \u00der\u00e1tt fyrir a\u00f0 engin aldurstakm\u00f6rk s\u00e9u \u00e1 leigu \u00ferauta m\u00e6lum vi\u00f0 me\u00f0 \u00ferautunum okkar a\u00f0allega fyrir fullor\u00f0na e\u00f0a eldri b\u00f6rn vegna fl\u00f3kinnar ger\u00f0ar \u00feeirra. V\u00f6ru\u00e1stand: Vi\u00f0 leggjum mikla \u00e1herslu \u00e1 a\u00f0 vi\u00f0halda \u00ferautum okkar \u00ed fullkomnu \u00e1standi. \u00derautirnar &hellip;<\/p>\n<p class=\"read-more\"> <a class=\"\" href=\"https:\/\/leigabox.is\/index.php\/tc\/\"> <span class=\"screen-reader-text\">Skilm\u00e1lar og skilyr\u00f0i<\/span> Read More &raquo;<\/a><\/p>\n","protected":false},"author":1,"featured_media":0,"parent":0,"menu_order":0,"comment_status":"closed","ping_status":"closed","template":"","meta":{"site-sidebar-layout":"no-sidebar","site-content-layout":"page-builder","ast-global-header-display":"","ast-banner-title-visibility":"","ast-main-header-display":"","ast-hfb-above-header-display":"","ast-hfb-below-header-display":"","ast-hfb-mobile-header-display":"","site-post-title":"disabled","ast-breadcrumbs-content":"","ast-featured-img":"disabled","footer-sml-layout":"","theme-transparent-header-meta":"","adv-header-id-meta":"","stick-header-meta":"","header-above-stick-meta":"","header-main-stick-meta":"","header-below-stick-meta":""},"_links":{"self":[{"href":"https:\/\/leigabox.is\/index.php\/wp-json\/wp\/v2\/pages\/4773"}],"collection":[{"href":"https:\/\/leigabox.is\/index.php\/wp-json\/wp\/v2\/pages"}],"about":[{"href":"https:\/\/leigabox.is\/index.php\/wp-json\/wp\/v2\/types\/page"}],"author":[{"embeddable":true,"href":"https:\/\/leigabox.is\/index.php\/wp-json\/wp\/v2\/users\/1"}],"replies":[{"embeddable":true,"href":"https:\/\/leigabox.is\/index.php\/wp-json\/wp\/v2\/comments?post=4773"}],"version-history":[{"count":12,"href":"https:\/\/leigabox.is\/index.php\/wp-json\/wp\/v2\/pages\/4773\/revisions"}],"predecessor-version":[{"id":4987,"href":"https:\/\/leigabox.is\/index.php\/wp-json\/wp\/v2\/pages\/4773\/revisions\/4987"}],"wp:attachment":[{"href":"https:\/\/leigabox.is\/index.php\/wp-json\/wp\/v2\/media?parent=4773"}],"curies":[{"name":"wp","href":"https:\/\/api.w.org\/{rel}","templated":true}]}}